{"id":1503,"date":"2020-11-20T14:44:33","date_gmt":"2020-11-20T14:44:33","guid":{"rendered":"https:\/\/atmendesyoga.de\/?page_id=1503"},"modified":"2023-01-16T13:45:20","modified_gmt":"2023-01-16T13:45:20","slug":"audio-einfuehrungskurs-atem-und-meditation","status":"publish","type":"page","link":"https:\/\/atmendesyoga.de\/?page_id=1503","title":{"rendered":"AUDIO \u2013 Grundkurs &#8222;Atem und Meditation&#8220;"},"content":{"rendered":"<div id=\"pl-gb1503-69ecdbfb98895\"  class=\"panel-layout\" ><div id=\"pg-gb1503-69ecdbfb98895-0\"  class=\"panel-grid panel-has-style\" ><div class=\"panel-row-style panel-row-style-for-gb1503-69ecdbfb98895-0\" ><div id=\"pgc-gb1503-69ecdbfb98895-0-0\"  class=\"panel-grid-cell panel-grid-cell-empty\" ><\/div><\/div><\/div><div id=\"pg-gb1503-69ecdbfb98895-1\"  class=\"panel-grid panel-no-style\" ><div id=\"pgc-gb1503-69ecdbfb98895-1-0\"  class=\"panel-grid-cell\" ><div id=\"panel-gb1503-69ecdbfb98895-1-0-0\" class=\"so-panel widget widget_text panel-first-child\" data-index=\"0\" ><div class=\"panel-widget-style panel-widget-style-for-gb1503-69ecdbfb98895-1-0-0\" >\t\t\t<div class=\"textwidget\"><p align=\"left\"><span style=\"font-family: Verdana, sans-serif;\"><span style=\"font-size: medium;\"><b>\u201eAtem und Meditation <\/b><b>des klassischen Yoga\u201c<br \/>\nEine Einf\u00fchrung in sieben Lektionen \u2013 Audiokurs<\/b><\/span><\/span><\/p>\n<p align=\"justify\"><span style=\"font-family: Verdana, sans-serif;\"><span style=\"font-size: medium;\">In sieben Lektionen bietet dieses Angebot eine Einf\u00fchrung in Praxis und Theorie der Atemtechniken (pr\u0101\u1e47\u0101y\u0101ma) und Meditation des klassischen Yoga. Das Angebot wird fortlaufend digital angeboten. Es kann somit selbst\u00e4ndig praktiziert werden kann. Das Curriculum stellt wichtige Hintergrundthemen vor und macht mit den Grundqualit\u00e4ten der Praxis vertraut.<\/span><\/span><\/p>\n<p align=\"justify\"><span style=\"font-family: Verdana, sans-serif;\"><span style=\"font-size: medium;\">In w\u00f6chentlichem Rhythmus wird jeweils ein Thema mit einem Text vorgestellt und mit einer Audio-Aufnahme selbst\u00e4ndig in Praxis ge\u00fcbt.<\/span><\/span><\/p>\n<p><span style=\"font-family: Verdana, sans-serif; font-size: medium;\">Der Kurs umfasst folgende Themen:<\/span><\/p>\n<p><span style=\"font-family: Verdana, sans-serif; font-size: medium;\">Einleitung: Pr\u0101\u1e47\u0101y\u0101ma \u2013 Vorbereitung auf die \u201einneren Elemente\u201c des Yoga<\/span><\/p>\n<p><span style=\"font-family: Verdana, sans-serif; font-size: medium;\">Lektion 1: Yoga ist Verbindung<br \/>\nLektion 2: Kontrolle und Hingabe<br \/>\nLektion 3: Weite und Offenheit<br \/>\nLektion 4: Nehmen und Geben<br \/>\n<\/span><span style=\"font-family: Verdana, sans-serif; font-size: medium;\">Lektion 5: Ankommen in der Gegenwart<br \/>\nLektion 6: Vollst\u00e4ndige Atmung<br \/>\nLektion 7: Atemphasen bei Pr\u0101\u1e47\u0101y\u0101ma: P\u016braka-Recaka<\/span><\/p>\n<p>&nbsp;<\/p>\n<p align=\"justify\"><span style=\"font-family: Verdana, sans-serif;\"><span style=\"font-size: medium;\">Die Praxis besteht aus Gewahrseins- und Atem\u00fcbungen, die schlie\u00dflich in die Stille der Meditation m\u00fcnden. Die Anleitungen dauern ca. 45-50 min und \u00f6ffnen dir den Raum, selbst l\u00e4nger in der Stille zu verweilen.<\/span><\/span><\/p>\n<p><span style=\"font-family: Verdana, sans-serif;\"><span style=\"font-size: medium;\"><a href=\"https:\/\/atmendesyoga.de\/?page_id=878\">Eine Kostprobe findest du hier.<\/a><\/span><\/span><\/p>\n<p align=\"justify\"><span style=\"font-family: Verdana, sans-serif;\"><span style=\"font-size: medium;\">Der Einstieg ist fortlaufend m\u00f6glich. Die Kursgeb\u00fchr betr\u00e4gt 90,- \u20ac. Nach deiner Anmeldung erh\u00e4ltst du per Mail weitere Informationen zum Organisatorischen. Nach \u00dcberweisung der Geb\u00fchr bekommst du den Link zu meiner entsprechenden Webseite und kannst den Kurs jederzeit beginnen. F\u00fcr weitere Fragen stehe ich gerne auch telefonisch zur Verf\u00fcgung.<\/span><\/span><\/p>\n<p align=\"left\"><strong><span style=\"font-family: Verdana, sans-serif;\"><span style=\"font-size: medium;\">Anmeldungen:<br \/>\nmail: atmen(\u00e4t)atmendesyoga.de<br \/>\noder Telefon: 0561 430 841 99<\/span><\/span><\/strong><\/p>\n<\/div>\n\t\t<\/div><\/div><div id=\"panel-gb1503-69ecdbfb98895-1-0-1\" class=\"so-panel widget widget_text panel-last-child\" data-index=\"1\" ><div class=\"panel-widget-style panel-widget-style-for-gb1503-69ecdbfb98895-1-0-1\" >\t\t\t<div class=\"textwidget\"><p align=\"right\"><span style=\"font-family: Verdana, sans-serif;\"><span style=\"font-size: xx-small;\">Foto: Paco Yoncaova<\/span><\/span><\/p>\n<\/div>\n\t\t<\/div><\/div><\/div><\/div><div id=\"pg-gb1503-69ecdbfb98895-2\"  class=\"panel-grid panel-no-style\" ><div id=\"pgc-gb1503-69ecdbfb98895-2-0\"  class=\"panel-grid-cell panel-grid-cell-empty\" ><\/div><div id=\"pgc-gb1503-69ecdbfb98895-2-1\"  class=\"panel-grid-cell panel-grid-cell-mobile-last\" ><div id=\"panel-gb1503-69ecdbfb98895-2-1-0\" class=\"so-panel widget widget_media_image panel-first-child panel-last-child\" data-index=\"2\" ><div class=\"kleine-sonne panel-widget-style panel-widget-style-for-gb1503-69ecdbfb98895-2-1-0\" ><img loading=\"lazy\" decoding=\"async\" width=\"50\" height=\"51\" src=\"https:\/\/atmendesyoga.de\/wp-content\/uploads\/2019\/11\/sonne_50x50.jpg\" class=\"image wp-image-66  attachment-full size-full\" alt=\"\" style=\"max-width: 100%; height: auto;\" \/><\/div><\/div><\/div><div id=\"pgc-gb1503-69ecdbfb98895-2-2\"  class=\"panel-grid-cell panel-grid-cell-empty\" ><\/div><\/div><\/div>","protected":false},"excerpt":{"rendered":"<p>\u201eAtem und Meditation des klassischen Yoga\u201c Eine Einf\u00fchrung in sieben Lektionen \u2013 Audiokurs In sieben Lektionen bietet dieses Angebot eine Einf\u00fchrung in Praxis und Theorie der Atemtechniken (pr\u0101\u1e47\u0101y\u0101ma) und Meditation des klassischen Yoga. Das Angebot wird fortlaufend digital angeboten. Es<\/p>\n","protected":false},"author":2,"featured_media":0,"parent":21,"menu_order":0,"comment_status":"closed","ping_status":"closed","template":"","meta":{"footnotes":""},"class_list":["post-1503","page","type-page","status-publish","hentry"],"yoast_head":"<!-- This site is optimized with the Yoast SEO plugin v27.4 - https:\/\/yoast.com\/product\/yoast-seo-wordpress\/ -->\n<title>AUDIO \u2013 Grundkurs &quot;Atem und Meditation&quot; - Atmendesyoga<\/title>\n<meta name=\"robots\" content=\"index, follow, max-snippet:-1, max-image-preview:large, max-video-preview:-1\" \/>\n<link rel=\"canonical\" href=\"https:\/\/atmendesyoga.de\/?page_id=1503\" \/>\n<meta property=\"og:locale\" content=\"de_DE\" \/>\n<meta property=\"og:type\" content=\"article\" \/>\n<meta property=\"og:title\" content=\"AUDIO \u2013 Grundkurs &quot;Atem und Meditation&quot; - Atmendesyoga\" \/>\n<meta property=\"og:description\" content=\"\u201eAtem und Meditation des klassischen Yoga\u201c Eine Einf\u00fchrung in sieben Lektionen \u2013 Audiokurs In sieben Lektionen bietet dieses Angebot eine Einf\u00fchrung in Praxis und Theorie der Atemtechniken (pr\u0101\u1e47\u0101y\u0101ma) und Meditation des klassischen Yoga. Das Angebot wird fortlaufend digital angeboten. Es\" \/>\n<meta property=\"og:url\" content=\"https:\/\/atmendesyoga.de\/?page_id=1503\" \/>\n<meta property=\"og:site_name\" content=\"Atmendesyoga\" \/>\n<meta property=\"article:modified_time\" content=\"2023-01-16T13:45:20+00:00\" \/>\n<meta property=\"og:image\" content=\"https:\/\/atmendesyoga.de\/wp-content\/uploads\/2019\/11\/sonne_50x50.jpg\" \/>\n<meta name=\"twitter:card\" content=\"summary_large_image\" \/>\n<meta name=\"twitter:label1\" content=\"Gesch\u00e4tzte Lesezeit\" \/>\n\t<meta name=\"twitter:data1\" content=\"1\u00a0Minute\" \/>\n<script type=\"application\/ld+json\" class=\"yoast-schema-graph\">{\"@context\":\"https:\\\/\\\/schema.org\",\"@graph\":[{\"@type\":\"WebPage\",\"@id\":\"https:\\\/\\\/atmendesyoga.de\\\/?page_id=1503\",\"url\":\"https:\\\/\\\/atmendesyoga.de\\\/?page_id=1503\",\"name\":\"AUDIO \u2013 Grundkurs \\\"Atem und Meditation\\\" - Atmendesyoga\",\"isPartOf\":{\"@id\":\"https:\\\/\\\/atmendesyoga.de\\\/#website\"},\"primaryImageOfPage\":{\"@id\":\"https:\\\/\\\/atmendesyoga.de\\\/?page_id=1503#primaryimage\"},\"image\":{\"@id\":\"https:\\\/\\\/atmendesyoga.de\\\/?page_id=1503#primaryimage\"},\"thumbnailUrl\":\"https:\\\/\\\/atmendesyoga.de\\\/wp-content\\\/uploads\\\/2019\\\/11\\\/sonne_50x50.jpg\",\"datePublished\":\"2020-11-20T14:44:33+00:00\",\"dateModified\":\"2023-01-16T13:45:20+00:00\",\"breadcrumb\":{\"@id\":\"https:\\\/\\\/atmendesyoga.de\\\/?page_id=1503#breadcrumb\"},\"inLanguage\":\"de\",\"potentialAction\":[{\"@type\":\"ReadAction\",\"target\":[\"https:\\\/\\\/atmendesyoga.de\\\/?page_id=1503\"]}]},{\"@type\":\"ImageObject\",\"inLanguage\":\"de\",\"@id\":\"https:\\\/\\\/atmendesyoga.de\\\/?page_id=1503#primaryimage\",\"url\":\"https:\\\/\\\/atmendesyoga.de\\\/wp-content\\\/uploads\\\/2019\\\/11\\\/sonne_50x50.jpg\",\"contentUrl\":\"https:\\\/\\\/atmendesyoga.de\\\/wp-content\\\/uploads\\\/2019\\\/11\\\/sonne_50x50.jpg\",\"width\":50,\"height\":51},{\"@type\":\"BreadcrumbList\",\"@id\":\"https:\\\/\\\/atmendesyoga.de\\\/?page_id=1503#breadcrumb\",\"itemListElement\":[{\"@type\":\"ListItem\",\"position\":1,\"name\":\"Startseite\",\"item\":\"https:\\\/\\\/atmendesyoga.de\\\/\"},{\"@type\":\"ListItem\",\"position\":2,\"name\":\"Kursprogramm\",\"item\":\"https:\\\/\\\/atmendesyoga.de\\\/?page_id=21\"},{\"@type\":\"ListItem\",\"position\":3,\"name\":\"AUDIO \u2013 Grundkurs &#8222;Atem und Meditation&#8220;\"}]},{\"@type\":\"WebSite\",\"@id\":\"https:\\\/\\\/atmendesyoga.de\\\/#website\",\"url\":\"https:\\\/\\\/atmendesyoga.de\\\/\",\"name\":\"Atmendesyoga\",\"description\":\"\",\"potentialAction\":[{\"@type\":\"SearchAction\",\"target\":{\"@type\":\"EntryPoint\",\"urlTemplate\":\"https:\\\/\\\/atmendesyoga.de\\\/?s={search_term_string}\"},\"query-input\":{\"@type\":\"PropertyValueSpecification\",\"valueRequired\":true,\"valueName\":\"search_term_string\"}}],\"inLanguage\":\"de\"}]}<\/script>\n<!-- \/ Yoast SEO plugin. -->","yoast_head_json":{"title":"AUDIO \u2013 Grundkurs \"Atem und Meditation\" - Atmendesyoga","robots":{"index":"index","follow":"follow","max-snippet":"max-snippet:-1","max-image-preview":"max-image-preview:large","max-video-preview":"max-video-preview:-1"},"canonical":"https:\/\/atmendesyoga.de\/?page_id=1503","og_locale":"de_DE","og_type":"article","og_title":"AUDIO \u2013 Grundkurs \"Atem und Meditation\" - Atmendesyoga","og_description":"\u201eAtem und Meditation des klassischen Yoga\u201c Eine Einf\u00fchrung in sieben Lektionen \u2013 Audiokurs In sieben Lektionen bietet dieses Angebot eine Einf\u00fchrung in Praxis und Theorie der Atemtechniken (pr\u0101\u1e47\u0101y\u0101ma) und Meditation des klassischen Yoga. Das Angebot wird fortlaufend digital angeboten. Es","og_url":"https:\/\/atmendesyoga.de\/?page_id=1503","og_site_name":"Atmendesyoga","article_modified_time":"2023-01-16T13:45:20+00:00","og_image":[{"url":"https:\/\/atmendesyoga.de\/wp-content\/uploads\/2019\/11\/sonne_50x50.jpg","type":"","width":"","height":""}],"twitter_card":"summary_large_image","twitter_misc":{"Gesch\u00e4tzte Lesezeit":"1\u00a0Minute"},"schema":{"@context":"https:\/\/schema.org","@graph":[{"@type":"WebPage","@id":"https:\/\/atmendesyoga.de\/?page_id=1503","url":"https:\/\/atmendesyoga.de\/?page_id=1503","name":"AUDIO \u2013 Grundkurs \"Atem und Meditation\" - Atmendesyoga","isPartOf":{"@id":"https:\/\/atmendesyoga.de\/#website"},"primaryImageOfPage":{"@id":"https:\/\/atmendesyoga.de\/?page_id=1503#primaryimage"},"image":{"@id":"https:\/\/atmendesyoga.de\/?page_id=1503#primaryimage"},"thumbnailUrl":"https:\/\/atmendesyoga.de\/wp-content\/uploads\/2019\/11\/sonne_50x50.jpg","datePublished":"2020-11-20T14:44:33+00:00","dateModified":"2023-01-16T13:45:20+00:00","breadcrumb":{"@id":"https:\/\/atmendesyoga.de\/?page_id=1503#breadcrumb"},"inLanguage":"de","potentialAction":[{"@type":"ReadAction","target":["https:\/\/atmendesyoga.de\/?page_id=1503"]}]},{"@type":"ImageObject","inLanguage":"de","@id":"https:\/\/atmendesyoga.de\/?page_id=1503#primaryimage","url":"https:\/\/atmendesyoga.de\/wp-content\/uploads\/2019\/11\/sonne_50x50.jpg","contentUrl":"https:\/\/atmendesyoga.de\/wp-content\/uploads\/2019\/11\/sonne_50x50.jpg","width":50,"height":51},{"@type":"BreadcrumbList","@id":"https:\/\/atmendesyoga.de\/?page_id=1503#breadcrumb","itemListElement":[{"@type":"ListItem","position":1,"name":"Startseite","item":"https:\/\/atmendesyoga.de\/"},{"@type":"ListItem","position":2,"name":"Kursprogramm","item":"https:\/\/atmendesyoga.de\/?page_id=21"},{"@type":"ListItem","position":3,"name":"AUDIO \u2013 Grundkurs &#8222;Atem und Meditation&#8220;"}]},{"@type":"WebSite","@id":"https:\/\/atmendesyoga.de\/#website","url":"https:\/\/atmendesyoga.de\/","name":"Atmendesyoga","description":"","potentialAction":[{"@type":"SearchAction","target":{"@type":"EntryPoint","urlTemplate":"https:\/\/atmendesyoga.de\/?s={search_term_string}"},"query-input":{"@type":"PropertyValueSpecification","valueRequired":true,"valueName":"search_term_string"}}],"inLanguage":"de"}]}},"_links":{"self":[{"href":"https:\/\/atmendesyoga.de\/index.php?rest_route=\/wp\/v2\/pages\/1503","targetHints":{"allow":["GET"]}}],"collection":[{"href":"https:\/\/atmendesyoga.de\/index.php?rest_route=\/wp\/v2\/pages"}],"about":[{"href":"https:\/\/atmendesyoga.de\/index.php?rest_route=\/wp\/v2\/types\/page"}],"author":[{"embeddable":true,"href":"https:\/\/atmendesyoga.de\/index.php?rest_route=\/wp\/v2\/users\/2"}],"replies":[{"embeddable":true,"href":"https:\/\/atmendesyoga.de\/index.php?rest_route=%2Fwp%2Fv2%2Fcomments&post=1503"}],"version-history":[{"count":21,"href":"https:\/\/atmendesyoga.de\/index.php?rest_route=\/wp\/v2\/pages\/1503\/revisions"}],"predecessor-version":[{"id":1976,"href":"https:\/\/atmendesyoga.de\/index.php?rest_route=\/wp\/v2\/pages\/1503\/revisions\/1976"}],"up":[{"embeddable":true,"href":"https:\/\/atmendesyoga.de\/index.php?rest_route=\/wp\/v2\/pages\/21"}],"wp:attachment":[{"href":"https:\/\/atmendesyoga.de\/index.php?rest_route=%2Fwp%2Fv2%2Fmedia&parent=1503"}],"curies":[{"name":"wp","href":"https:\/\/api.w.org\/{rel}","templated":true}]}}