{"id":1859,"date":"2022-05-30T11:54:22","date_gmt":"2022-05-30T11:54:22","guid":{"rendered":"https:\/\/atmendesyoga.de\/?page_id=1859"},"modified":"2024-08-26T18:16:34","modified_gmt":"2024-08-26T18:16:34","slug":"impressum","status":"publish","type":"page","link":"https:\/\/atmendesyoga.de\/?page_id=1859","title":{"rendered":"Impressum"},"content":{"rendered":"\n<p>Osman Yoncaova<br>Wolfhager Str. 409<br>34128 Kassel<\/p>\n\n\n\n<p>Telefon: 0561 430 841 99<\/p>\n\n\n\n<p>Email: atmen(\u00e4t)atmendesyoga.de<\/p>\n\n\n\n<p>Steuer Nr.: 026 497 03052<\/p>\n\n\n\n<p>Inhaltlich verantwortlich gem\u00e4\u00df \u00a7 6 MDStV: Osman Yoncaova<\/p>\n\n\n\n<p>HAFTUNG F\u00dcR INHALTE<\/p>\n\n\n\n<p>Die Inhalte unserer Seiten wurden mit Sorgfalt erstellt. F\u00fcr die Richtigkeit, Vollst\u00e4ndigkeit und Aktualit\u00e4t der Inhalte k\u00f6nnen wir jedoch keine Gew\u00e4hr \u00fcbernehmen. Als Dienste Anbieter sind wir gem\u00e4\u00df 7 Abs.1 TMG f\u00fcr eigene Inhalte auf diesen Seiten nach den allgemeinen Gesetzen verantwortlich. Nach \u00a7 8 bis 10 TMG sind wir als Dienste Anbieter jedoch nicht verpflichtet, ermittelte oder gespeicherte fremde Informationen, zu \u00fcberwachen oder nach Umst\u00e4nden zu forschen, die auf eine rechtswidrige T\u00e4tigkeit hinweisen.<\/p>\n\n\n\n<p>HAFTUNGSHINWEIS<\/p>\n\n\n\n<p>Verpflichtungen zur Entfernung oder Sperrung der Nutzung von Informationen nach den allgemeinen Gesetzen bleiben hiervon unber\u00fchrt. Eine diesbez\u00fcgliche Haftung ist jedoch erst ab dem Zeitpunkt der Kenntnis einer konkreten Rechtsverletzung m\u00f6glich. Bei Bekannt werden von entsprechenden Rechtsverletzungen werden wir diese Inhalte umgehend entfernen. Bei einer anwaltlichen Abmahnung ohne eine vorher erfolgte Kontaktaufnahme mit dem Betreiber von www.atmendesyoga.de wird im Sinne der Schadensminderungspflicht eine jedwede Kostenforderung als unbegr\u00fcndet zur\u00fcckgewiesen.<\/p>\n\n\n\n<p>HAFTUNG F\u00dcR LINKS<\/p>\n\n\n\n<p>Unser Angebot enth\u00e4lt Links zu externen Webseiten Dritter, auf deren Inhalte wir keinen Einfluss haben. Deshalb k\u00f6nnen wir f\u00fcr diese fremden Inhalte auch keine Gew\u00e4hr \u00fcbernehmen. F\u00fcr die Inhalte der verlinkten Seiten ist stets der jeweilige Anbieter oder Betreiber der Seiten verantwortlich. Die verlinkten Seiten wurden zum Zeitpunkt der Verlinkung auf m\u00f6gliche Rechtsverst\u00f6\u00dfe \u00fcberpr\u00fcft. Rechtswidrige Inhalte waren zum Zeitpunkt der Verlinkung nicht erkennbar. Eine permanente inhaltliche Kontrolle der verlinkten Seiten ist jedoch ohne konkrete Anhaltspunkte einer Rechtsverletzung nicht zumutbar. Bei bekannt werden von Rechtsverletzungen werden wir derartige Links umgehend entfernen.<\/p>\n\n\n\n<p>URHEBER- UND KENNZEICHENRECHT<\/p>\n\n\n\n<p>Der Autor ist bestrebt, in allen Publikationen die Urheberrechte der verwendeten Bilder, Grafiken, Tondokumente, Videosequenzen und Texte zu beachten, von ihm selbst erstellte Bilder, Grafiken, Tondokumente, Videosequenzen und Texte zu nutzen oder auf lizenzfreie Grafiken, Tondokumente, Videosequenzen und Texte zur\u00fcckzugreifen. Alle innerhalb des Internetangebotes genannten und ggf. durch Dritte gesch\u00fctzten Marken- und Warenzeichen unterliegen uneingeschr\u00e4nkt den Bestimmungen des jeweils g\u00fcltigen Kennzeichenrechts und den Besitzrechten der jeweiligen eingetragenen Eigent\u00fcmer. Allein aufgrund der blo\u00dfen Nennung ist nicht der Schluss zu ziehen, dass Markenzeichen nicht durch Rechte Dritter gesch\u00fctzt sind! Das Copyright f\u00fcr ver\u00f6ffentlichte, vom Autor selbst erstellte Objekte bleibt allein beim Autor der Seiten. Eine Vervielf\u00e4ltigung oder Verwendung solcher Grafiken, Tondokumente, Videosequenzen und Texte in anderen elektronischen oder gedruckten Publikationen ist ohne ausdr\u00fcckliche Zustimmung des Autors nicht gestattet.<\/p>\n\n\n\n<p>RECHTSWIRKSAMKEIT DIESES HAFTUNGSAUSSCHLUSSES<\/p>\n\n\n\n<p>Dieser Haftungsausschluss ist als Teil des Internetangebotes zu betrachten, von dem aus auf diese Seite verwiesen wurde. Sofern Teile oder einzelne Formulierungen dieses Textes der geltenden Rechtslage nicht, nicht mehr oder nicht vollst\u00e4ndig entsprechen sollten, bleiben die \u00fcbrigen Teile des Dokumentes in ihrem Inhalt und ihrer G\u00fcltigkeit davon unber\u00fchrt.<\/p>\n\n\n\n<p>DATENERHEBUNG UND -SPEICHERUNG<\/p>\n\n\n\n<p>Jeder Webserver registriert automatisch Zugriffe auf die Internetseite. Beim Besuch der Internetseite speichert der Webserver unseres Hosters zur Erhaltung der Systemsicherheit die IP-Adresse der Besucher, sowie Datum des Zugriffs, die URL, Inhalte auf die Zugegriffen wurde, nebst der w\u00e4hrend der Verbindung \u00fcbertragenen Informationen. Diese Informationen bleiben f\u00fcr uns anonym. Ein R\u00fcckschluss auf eine Person ist somit nicht m\u00f6glich. Weitergehende personenbezogene Daten werden nur erfasst, sofern der Benutzer freiwillig, beispielsweise im Rahmen einer Registrierung oder Bestellung, diese angibt. Soweit uns personenbezogene Daten zur Verf\u00fcgung gestellt wurden, verwenden wir diese nur zur Beantwortung von Anfragen, zur Abwicklung von Bestellungen und f\u00fcr die technische Administration. Personenbezogenen Daten werden, ausgenommen in Folge zwingender gesetzlicher Vorschriften nicht an Dritte weitergegeben. Die Daten\u00fcbertragung im Internet (z.B. durch Kommunikation per eMail) kann Sicherheitsl\u00fccken aufweisen, Daten k\u00f6nnen daher nicht l\u00fcckenlos vor dem Zugriff durch Dritte gesch\u00fctzt werden kann.Auf unserer Seite befinden sich Links zu Internetseiten anderer Betreiber. Der Anbieter dieser Internetseite hat keinen Einfluss auf die Datenschutzbestimmungen des anderen Betreibers.<\/p>\n\n\n\n<p>Jeder Benutzer hat ein Auskunftsrecht \u00fcber die bei uns gespeicherten personenbezogenen Daten. Au\u00dferdem hat er das Recht auf Berichtigung unrichtiger Daten sowie Sperrung und L\u00f6schung. Bei Fragen zur Erhebung, Verarbeitung oder Nutzung Ihrer personenbezogenen Daten sowie bei Ausk\u00fcnften, Berichtigung, Sperrung oder L\u00f6schung von Daten wenden Sie sich bitte an: Osman Yoncaova<\/p>\n\n\n\n<p>BILDNACHWEIS<\/p>\n\n\n\n<p>Angaben zu den Urhebern der Fotos sind jeweils der zugeh\u00f6rigen Seite zu entnehmen. Alle genannten Fotografen sind mir pers\u00f6nlich bekannt. Es ist mir eine besondere Freude, ihre Fotos mit ihrer freundlichen Zustimmung verwenden zu d\u00fcrfen. Daf\u00fcr danke ich. Die als &#8222;privat&#8220; gekennzeichneten Aufnahmen sind von mir. \u2013 Osman Yoncaova<\/p>\n","protected":false},"excerpt":{"rendered":"<p>Osman YoncaovaWolfhager Str. 40934128 Kassel Telefon: 0561 430 841 99 Email: atmen(\u00e4t)atmendesyoga.de Steuer Nr.: 026 497 03052 Inhaltlich verantwortlich gem\u00e4\u00df \u00a7 6 MDStV: Osman Yoncaova HAFTUNG F\u00dcR INHALTE Die Inhalte unserer Seiten wurden mit Sorgfalt erstellt. F\u00fcr die Richtigkeit, Vollst\u00e4ndigkeit<\/p>\n","protected":false},"author":1,"featured_media":0,"parent":0,"menu_order":0,"comment_status":"closed","ping_status":"closed","template":"","meta":{"footnotes":""},"class_list":["post-1859","page","type-page","status-publish","hentry"],"yoast_head":"<!-- This site is optimized with the Yoast SEO plugin v27.4 - https:\/\/yoast.com\/product\/yoast-seo-wordpress\/ -->\n<title>Impressum - Atmendesyoga<\/title>\n<meta name=\"robots\" content=\"index, follow, max-snippet:-1, max-image-preview:large, max-video-preview:-1\" \/>\n<link rel=\"canonical\" href=\"https:\/\/atmendesyoga.de\/?page_id=1859\" \/>\n<meta property=\"og:locale\" content=\"de_DE\" \/>\n<meta property=\"og:type\" content=\"article\" \/>\n<meta property=\"og:title\" content=\"Impressum - Atmendesyoga\" \/>\n<meta property=\"og:description\" content=\"Osman YoncaovaWolfhager Str. 40934128 Kassel Telefon: 0561 430 841 99 Email: atmen(\u00e4t)atmendesyoga.de Steuer Nr.: 026 497 03052 Inhaltlich verantwortlich gem\u00e4\u00df \u00a7 6 MDStV: Osman Yoncaova HAFTUNG F\u00dcR INHALTE Die Inhalte unserer Seiten wurden mit Sorgfalt erstellt. F\u00fcr die Richtigkeit, Vollst\u00e4ndigkeit\" \/>\n<meta property=\"og:url\" content=\"https:\/\/atmendesyoga.de\/?page_id=1859\" \/>\n<meta property=\"og:site_name\" content=\"Atmendesyoga\" \/>\n<meta property=\"article:modified_time\" content=\"2024-08-26T18:16:34+00:00\" \/>\n<meta name=\"twitter:card\" content=\"summary_large_image\" \/>\n<meta name=\"twitter:label1\" content=\"Gesch\u00e4tzte Lesezeit\" \/>\n\t<meta name=\"twitter:data1\" content=\"4\u00a0Minuten\" \/>\n<script type=\"application\/ld+json\" class=\"yoast-schema-graph\">{\"@context\":\"https:\\\/\\\/schema.org\",\"@graph\":[{\"@type\":\"WebPage\",\"@id\":\"https:\\\/\\\/atmendesyoga.de\\\/?page_id=1859\",\"url\":\"https:\\\/\\\/atmendesyoga.de\\\/?page_id=1859\",\"name\":\"Impressum - Atmendesyoga\",\"isPartOf\":{\"@id\":\"https:\\\/\\\/atmendesyoga.de\\\/#website\"},\"datePublished\":\"2022-05-30T11:54:22+00:00\",\"dateModified\":\"2024-08-26T18:16:34+00:00\",\"breadcrumb\":{\"@id\":\"https:\\\/\\\/atmendesyoga.de\\\/?page_id=1859#breadcrumb\"},\"inLanguage\":\"de\",\"potentialAction\":[{\"@type\":\"ReadAction\",\"target\":[\"https:\\\/\\\/atmendesyoga.de\\\/?page_id=1859\"]}]},{\"@type\":\"BreadcrumbList\",\"@id\":\"https:\\\/\\\/atmendesyoga.de\\\/?page_id=1859#breadcrumb\",\"itemListElement\":[{\"@type\":\"ListItem\",\"position\":1,\"name\":\"Startseite\",\"item\":\"https:\\\/\\\/atmendesyoga.de\\\/\"},{\"@type\":\"ListItem\",\"position\":2,\"name\":\"Impressum\"}]},{\"@type\":\"WebSite\",\"@id\":\"https:\\\/\\\/atmendesyoga.de\\\/#website\",\"url\":\"https:\\\/\\\/atmendesyoga.de\\\/\",\"name\":\"Atmendesyoga\",\"description\":\"\",\"potentialAction\":[{\"@type\":\"SearchAction\",\"target\":{\"@type\":\"EntryPoint\",\"urlTemplate\":\"https:\\\/\\\/atmendesyoga.de\\\/?s={search_term_string}\"},\"query-input\":{\"@type\":\"PropertyValueSpecification\",\"valueRequired\":true,\"valueName\":\"search_term_string\"}}],\"inLanguage\":\"de\"}]}<\/script>\n<!-- \/ Yoast SEO plugin. -->","yoast_head_json":{"title":"Impressum - Atmendesyoga","robots":{"index":"index","follow":"follow","max-snippet":"max-snippet:-1","max-image-preview":"max-image-preview:large","max-video-preview":"max-video-preview:-1"},"canonical":"https:\/\/atmendesyoga.de\/?page_id=1859","og_locale":"de_DE","og_type":"article","og_title":"Impressum - Atmendesyoga","og_description":"Osman YoncaovaWolfhager Str. 40934128 Kassel Telefon: 0561 430 841 99 Email: atmen(\u00e4t)atmendesyoga.de Steuer Nr.: 026 497 03052 Inhaltlich verantwortlich gem\u00e4\u00df \u00a7 6 MDStV: Osman Yoncaova HAFTUNG F\u00dcR INHALTE Die Inhalte unserer Seiten wurden mit Sorgfalt erstellt. F\u00fcr die Richtigkeit, Vollst\u00e4ndigkeit","og_url":"https:\/\/atmendesyoga.de\/?page_id=1859","og_site_name":"Atmendesyoga","article_modified_time":"2024-08-26T18:16:34+00:00","twitter_card":"summary_large_image","twitter_misc":{"Gesch\u00e4tzte Lesezeit":"4\u00a0Minuten"},"schema":{"@context":"https:\/\/schema.org","@graph":[{"@type":"WebPage","@id":"https:\/\/atmendesyoga.de\/?page_id=1859","url":"https:\/\/atmendesyoga.de\/?page_id=1859","name":"Impressum - Atmendesyoga","isPartOf":{"@id":"https:\/\/atmendesyoga.de\/#website"},"datePublished":"2022-05-30T11:54:22+00:00","dateModified":"2024-08-26T18:16:34+00:00","breadcrumb":{"@id":"https:\/\/atmendesyoga.de\/?page_id=1859#breadcrumb"},"inLanguage":"de","potentialAction":[{"@type":"ReadAction","target":["https:\/\/atmendesyoga.de\/?page_id=1859"]}]},{"@type":"BreadcrumbList","@id":"https:\/\/atmendesyoga.de\/?page_id=1859#breadcrumb","itemListElement":[{"@type":"ListItem","position":1,"name":"Startseite","item":"https:\/\/atmendesyoga.de\/"},{"@type":"ListItem","position":2,"name":"Impressum"}]},{"@type":"WebSite","@id":"https:\/\/atmendesyoga.de\/#website","url":"https:\/\/atmendesyoga.de\/","name":"Atmendesyoga","description":"","potentialAction":[{"@type":"SearchAction","target":{"@type":"EntryPoint","urlTemplate":"https:\/\/atmendesyoga.de\/?s={search_term_string}"},"query-input":{"@type":"PropertyValueSpecification","valueRequired":true,"valueName":"search_term_string"}}],"inLanguage":"de"}]}},"_links":{"self":[{"href":"https:\/\/atmendesyoga.de\/index.php?rest_route=\/wp\/v2\/pages\/1859","targetHints":{"allow":["GET"]}}],"collection":[{"href":"https:\/\/atmendesyoga.de\/index.php?rest_route=\/wp\/v2\/pages"}],"about":[{"href":"https:\/\/atmendesyoga.de\/index.php?rest_route=\/wp\/v2\/types\/page"}],"author":[{"embeddable":true,"href":"https:\/\/atmendesyoga.de\/index.php?rest_route=\/wp\/v2\/users\/1"}],"replies":[{"embeddable":true,"href":"https:\/\/atmendesyoga.de\/index.php?rest_route=%2Fwp%2Fv2%2Fcomments&post=1859"}],"version-history":[{"count":4,"href":"https:\/\/atmendesyoga.de\/index.php?rest_route=\/wp\/v2\/pages\/1859\/revisions"}],"predecessor-version":[{"id":2249,"href":"https:\/\/atmendesyoga.de\/index.php?rest_route=\/wp\/v2\/pages\/1859\/revisions\/2249"}],"wp:attachment":[{"href":"https:\/\/atmendesyoga.de\/index.php?rest_route=%2Fwp%2Fv2%2Fmedia&parent=1859"}],"curies":[{"name":"wp","href":"https:\/\/api.w.org\/{rel}","templated":true}]}}