{"id":1869,"date":"2022-06-21T10:15:50","date_gmt":"2022-06-21T10:15:50","guid":{"rendered":"https:\/\/atmendesyoga.de\/?page_id=1869"},"modified":"2022-06-29T13:15:43","modified_gmt":"2022-06-29T13:15:43","slug":"yogasutra-von-patanjali","status":"publish","type":"page","link":"https:\/\/atmendesyoga.de\/?page_id=1869","title":{"rendered":"Yogas\u016btra \u2013 Buch"},"content":{"rendered":"<div id=\"pl-gb1869-69f5fe948496c\"  class=\"panel-layout\" ><div id=\"pg-gb1869-69f5fe948496c-0\"  class=\"panel-grid panel-has-style\" ><div class=\"panel-row-style panel-row-style-for-gb1869-69f5fe948496c-0\" ><div id=\"pgc-gb1869-69f5fe948496c-0-0\"  class=\"panel-grid-cell\" ><div id=\"panel-gb1869-69f5fe948496c-0-0-0\" class=\"so-panel widget widget_media_image panel-first-child panel-last-child\" data-index=\"0\" ><img loading=\"lazy\" decoding=\"async\" width=\"207\" height=\"300\" src=\"https:\/\/atmendesyoga.de\/wp-content\/uploads\/2022\/06\/Coverfoto_Prom_414x600-207x300.jpeg\" class=\"image wp-image-1895  attachment-medium size-medium\" alt=\"\" style=\"max-width: 100%; height: auto;\" srcset=\"https:\/\/atmendesyoga.de\/wp-content\/uploads\/2022\/06\/Coverfoto_Prom_414x600-207x300.jpeg 207w, https:\/\/atmendesyoga.de\/wp-content\/uploads\/2022\/06\/Coverfoto_Prom_414x600-80x116.jpeg 80w, https:\/\/atmendesyoga.de\/wp-content\/uploads\/2022\/06\/Coverfoto_Prom_414x600.jpeg 414w\" sizes=\"auto, (max-width: 207px) 100vw, 207px\" \/><\/div><\/div><div id=\"pgc-gb1869-69f5fe948496c-0-1\"  class=\"panel-grid-cell panel-grid-cell-empty panel-grid-cell-mobile-last\" ><\/div><div id=\"pgc-gb1869-69f5fe948496c-0-2\"  class=\"panel-grid-cell panel-grid-cell-empty\" ><\/div><\/div><\/div><div id=\"pg-gb1869-69f5fe948496c-1\"  class=\"panel-grid panel-no-style\" ><div id=\"pgc-gb1869-69f5fe948496c-1-0\"  class=\"panel-grid-cell\" ><div id=\"panel-gb1869-69f5fe948496c-1-0-0\" class=\"so-panel widget widget_text panel-first-child panel-last-child\" data-index=\"1\" ><h3 class=\"widget-title\">Neuerscheinung 2022<\/h3>\t\t\t<div class=\"textwidget\"><p align=\"justify\"><span style=\"color: #000000;\"><span style=\"font-family: Verdana, sans-serif;\"><strong>Yogas\u016btra von Pata\u00f1jali<br \/>\nSanskrit \u2013 Deutsch<br \/>\nOriginalgetreue, zeitgem\u00e4\u00dfe Edition<br \/>\nvon Osman Yoncaova<br \/>\n<\/strong><\/span><\/span><\/p>\n<p align=\"justify\"><span style=\"color: #000000;\"><span style=\"font-family: Verdana, sans-serif;\">publish.bookmundo.de<br \/>\n\u00a9 Osman Yoncaova<br \/>\nA5, 108 Seiten, 12,01 \u20ac<br \/>\nISBN: 9789403664774<\/span><\/span><\/p>\n<p align=\"justify\"><span style=\"color: #000000;\"><span style=\"font-family: Verdana, sans-serif;\">Als Print-On-Demand im Buchhandel, oder online bei <a href=\"https:\/\/publish.bookmundo.de\/shop\/index.php\/catalog\/product\/view\/id\/660094\/s\/yogasutra-von-patanjali-sanskrit-deutsch-originalgetreue-zeitgemasse-edition-297307-publish-bookmundo-de\/\">bookmundo<\/a><\/span><\/span><\/p>\n<p align=\"justify\"><span style=\"color: #000000;\"><span style=\"font-family: Verdana, sans-serif;\"><strong>Yogas\u016btra pur.<\/strong> Diese reine Textausgabe des Yoga S\u016btra bleibt dicht an den urspr\u00fcnglichen Worten Pata\u00f1jalis. Gleichzeitig findet sie Formulierungen, die dem heutigen Sprachverst\u00e4ndnis entsprechen. Dies ist das Besondere der hier vorliegenden Ausgabe. Die Wiedergabe der S\u016btras folgt der Sicht der klassischen Kommentare von Vy\u0101sa \u00fcber Harihar\u0101nanda bis hin zu E. Bryant und Dr. Shrikrishna in der heutigen Zeit. Yogas\u016btra als ein Handbuch f\u00fcr die praktische Anwendung ist heute so aktuell wie vor 2000 Jahren. Eine kurze Einleitung, ausgew\u00e4hlte Mantras und ein Glossar erg\u00e4nzen den Text der S\u016btras. Osman Yoncaova ist Yogalehrer (BDY\/EYU und IYP) und langj\u00e4hriger Sch\u00fcler von Dr. Shrikrishna Bhushan Tengshe.<\/span><\/span><\/p>\n<p align=\"justify\"><span style=\"color: #000000;\"><span style=\"font-family: Verdana, sans-serif;\"><strong>Zum Inhalt:<\/strong> Pata\u00f1jali gibt in diesem Leitfaden die Essenz des Yoga Dar\u015bana wieder. Im Fokus steht die Kernfrage &#8222;Wer bin ich in Wirklichkeit?&#8220;. Pata\u00f1jali antwortet darauf mit dem Hinweis auf den praktischen \u00dcbungsweg, um es selbst zu erkennen und in diesem Leben zu verwirklichen. Gleich zu Beginn stellt er fest: Wir sind nicht das kleine Selbst, f\u00fcr das wir uns halten. Er analysiert die Situation wie unser Geist gew\u00f6hnlich arbeitet. Er zeigt auf, welche Dynamik unsere Sicht auf die Welt bestimmt und damit unser Verhalten im Alltag. Er beschreibt, was uns an einer klaren, umfassenden Wahrnehmung der Wirklichkeit hindert, und wie diese Hindernisse \u00fcberwunden werden k\u00f6nnen. Er macht darauf aufmerksam, dass eine enge, selbstzentrierte Perspektive Leid verursacht. Durch die Anwendung der praktischen Mittel, die er benennt, wird es schlie\u00dflich m\u00f6glich, sich von leidvollen Verstrickungen zu l\u00f6sen. Mit dieser Freiheit wird nach und nach eine unbefangene, offenherzige Verbundenheit mit der Realit\u00e4t m\u00f6glich. Durch die Klarheit einer flie\u00dfenden Gegenw\u00e4rtigkeit zeigt sich in der Tiefe die F\u00fclle des Seins. Und die leuchtende Essenz unseres wahren Selbst kommt zum Vorschein.<\/span><\/span><\/p>\n<\/div>\n\t\t<\/div><\/div><\/div><div id=\"pg-gb1869-69f5fe948496c-2\"  class=\"panel-grid panel-no-style\" ><div id=\"pgc-gb1869-69f5fe948496c-2-0\"  class=\"panel-grid-cell\" ><div id=\"panel-gb1869-69f5fe948496c-2-0-0\" class=\"so-panel widget widget_text panel-first-child panel-last-child\" data-index=\"2\" >\t\t\t<div class=\"textwidget\"><p align=\"right\"><span style=\"font-family: Verdana, sans-serif;\"><span style=\"font-size: xx-small;\">Foto: privat<\/span><\/span><\/p>\n<\/div>\n\t\t<\/div><\/div><\/div><div id=\"pg-gb1869-69f5fe948496c-3\"  class=\"panel-grid panel-no-style\" ><div id=\"pgc-gb1869-69f5fe948496c-3-0\"  class=\"panel-grid-cell panel-grid-cell-empty\" ><\/div><div id=\"pgc-gb1869-69f5fe948496c-3-1\"  class=\"panel-grid-cell panel-grid-cell-mobile-last\" ><div id=\"panel-gb1869-69f5fe948496c-3-1-0\" class=\"so-panel widget widget_media_image panel-first-child panel-last-child\" data-index=\"3\" ><div class=\"kleine-sonne panel-widget-style panel-widget-style-for-gb1869-69f5fe948496c-3-1-0\" ><img loading=\"lazy\" decoding=\"async\" width=\"50\" height=\"51\" src=\"https:\/\/atmendesyoga.de\/wp-content\/uploads\/2019\/11\/sonne_50x50.jpg\" class=\"image wp-image-66  attachment-full size-full\" alt=\"\" style=\"max-width: 100%; height: auto;\" \/><\/div><\/div><\/div><div id=\"pgc-gb1869-69f5fe948496c-3-2\"  class=\"panel-grid-cell panel-grid-cell-empty\" ><\/div><\/div><\/div>","protected":false},"excerpt":{"rendered":"<p>Yogas\u016btra von Pata\u00f1jali Sanskrit \u2013 Deutsch Originalgetreue, zeitgem\u00e4\u00dfe Edition von Osman Yoncaova publish.bookmundo.de \u00a9 Osman Yoncaova A5, 108 Seiten, 12,01 \u20ac ISBN: 9789403664774 Als Print-On-Demand im Buchhandel, oder online bei bookmundo Yogas\u016btra pur. Diese reine Textausgabe des Yoga S\u016btra bleibt<\/p>\n","protected":false},"author":2,"featured_media":0,"parent":0,"menu_order":0,"comment_status":"closed","ping_status":"closed","template":"","meta":{"footnotes":""},"class_list":["post-1869","page","type-page","status-publish","hentry"],"yoast_head":"<!-- This site is optimized with the Yoast SEO plugin v27.5 - https:\/\/yoast.com\/product\/yoast-seo-wordpress\/ -->\n<title>Yogas\u016btra \u2013 Buch - Atmendesyoga<\/title>\n<meta name=\"robots\" content=\"index, follow, max-snippet:-1, max-image-preview:large, max-video-preview:-1\" \/>\n<link rel=\"canonical\" href=\"https:\/\/atmendesyoga.de\/?page_id=1869\" \/>\n<meta property=\"og:locale\" content=\"de_DE\" \/>\n<meta property=\"og:type\" content=\"article\" \/>\n<meta property=\"og:title\" content=\"Yogas\u016btra \u2013 Buch - Atmendesyoga\" \/>\n<meta property=\"og:description\" content=\"Yogas\u016btra von Pata\u00f1jali Sanskrit \u2013 Deutsch Originalgetreue, zeitgem\u00e4\u00dfe Edition von Osman Yoncaova publish.bookmundo.de \u00a9 Osman Yoncaova A5, 108 Seiten, 12,01 \u20ac ISBN: 9789403664774 Als Print-On-Demand im Buchhandel, oder online bei bookmundo Yogas\u016btra pur. Diese reine Textausgabe des Yoga S\u016btra bleibt\" \/>\n<meta property=\"og:url\" content=\"https:\/\/atmendesyoga.de\/?page_id=1869\" \/>\n<meta property=\"og:site_name\" content=\"Atmendesyoga\" \/>\n<meta property=\"article:modified_time\" content=\"2022-06-29T13:15:43+00:00\" \/>\n<meta property=\"og:image\" content=\"https:\/\/atmendesyoga.de\/wp-content\/uploads\/2022\/06\/Coverfoto_Prom_414x600-207x300.jpeg\" \/>\n<meta name=\"twitter:card\" content=\"summary_large_image\" \/>\n<meta name=\"twitter:label1\" content=\"Gesch\u00e4tzte Lesezeit\" \/>\n\t<meta name=\"twitter:data1\" content=\"2\u00a0Minuten\" \/>\n<script type=\"application\/ld+json\" class=\"yoast-schema-graph\">{\"@context\":\"https:\\\/\\\/schema.org\",\"@graph\":[{\"@type\":\"WebPage\",\"@id\":\"https:\\\/\\\/atmendesyoga.de\\\/?page_id=1869\",\"url\":\"https:\\\/\\\/atmendesyoga.de\\\/?page_id=1869\",\"name\":\"Yogas\u016btra \u2013 Buch - Atmendesyoga\",\"isPartOf\":{\"@id\":\"https:\\\/\\\/atmendesyoga.de\\\/#website\"},\"primaryImageOfPage\":{\"@id\":\"https:\\\/\\\/atmendesyoga.de\\\/?page_id=1869#primaryimage\"},\"image\":{\"@id\":\"https:\\\/\\\/atmendesyoga.de\\\/?page_id=1869#primaryimage\"},\"thumbnailUrl\":\"https:\\\/\\\/atmendesyoga.de\\\/wp-content\\\/uploads\\\/2022\\\/06\\\/Coverfoto_Prom_414x600-207x300.jpeg\",\"datePublished\":\"2022-06-21T10:15:50+00:00\",\"dateModified\":\"2022-06-29T13:15:43+00:00\",\"breadcrumb\":{\"@id\":\"https:\\\/\\\/atmendesyoga.de\\\/?page_id=1869#breadcrumb\"},\"inLanguage\":\"de\",\"potentialAction\":[{\"@type\":\"ReadAction\",\"target\":[\"https:\\\/\\\/atmendesyoga.de\\\/?page_id=1869\"]}]},{\"@type\":\"ImageObject\",\"inLanguage\":\"de\",\"@id\":\"https:\\\/\\\/atmendesyoga.de\\\/?page_id=1869#primaryimage\",\"url\":\"https:\\\/\\\/atmendesyoga.de\\\/wp-content\\\/uploads\\\/2022\\\/06\\\/Coverfoto_Prom_414x600-207x300.jpeg\",\"contentUrl\":\"https:\\\/\\\/atmendesyoga.de\\\/wp-content\\\/uploads\\\/2022\\\/06\\\/Coverfoto_Prom_414x600-207x300.jpeg\"},{\"@type\":\"BreadcrumbList\",\"@id\":\"https:\\\/\\\/atmendesyoga.de\\\/?page_id=1869#breadcrumb\",\"itemListElement\":[{\"@type\":\"ListItem\",\"position\":1,\"name\":\"Startseite\",\"item\":\"https:\\\/\\\/atmendesyoga.de\\\/\"},{\"@type\":\"ListItem\",\"position\":2,\"name\":\"Yogas\u016btra \u2013 Buch\"}]},{\"@type\":\"WebSite\",\"@id\":\"https:\\\/\\\/atmendesyoga.de\\\/#website\",\"url\":\"https:\\\/\\\/atmendesyoga.de\\\/\",\"name\":\"Atmendesyoga\",\"description\":\"\",\"potentialAction\":[{\"@type\":\"SearchAction\",\"target\":{\"@type\":\"EntryPoint\",\"urlTemplate\":\"https:\\\/\\\/atmendesyoga.de\\\/?s={search_term_string}\"},\"query-input\":{\"@type\":\"PropertyValueSpecification\",\"valueRequired\":true,\"valueName\":\"search_term_string\"}}],\"inLanguage\":\"de\"}]}<\/script>\n<!-- \/ Yoast SEO plugin. -->","yoast_head_json":{"title":"Yogas\u016btra \u2013 Buch - Atmendesyoga","robots":{"index":"index","follow":"follow","max-snippet":"max-snippet:-1","max-image-preview":"max-image-preview:large","max-video-preview":"max-video-preview:-1"},"canonical":"https:\/\/atmendesyoga.de\/?page_id=1869","og_locale":"de_DE","og_type":"article","og_title":"Yogas\u016btra \u2013 Buch - Atmendesyoga","og_description":"Yogas\u016btra von Pata\u00f1jali Sanskrit \u2013 Deutsch Originalgetreue, zeitgem\u00e4\u00dfe Edition von Osman Yoncaova publish.bookmundo.de \u00a9 Osman Yoncaova A5, 108 Seiten, 12,01 \u20ac ISBN: 9789403664774 Als Print-On-Demand im Buchhandel, oder online bei bookmundo Yogas\u016btra pur. Diese reine Textausgabe des Yoga S\u016btra bleibt","og_url":"https:\/\/atmendesyoga.de\/?page_id=1869","og_site_name":"Atmendesyoga","article_modified_time":"2022-06-29T13:15:43+00:00","og_image":[{"url":"https:\/\/atmendesyoga.de\/wp-content\/uploads\/2022\/06\/Coverfoto_Prom_414x600-207x300.jpeg","type":"","width":"","height":""}],"twitter_card":"summary_large_image","twitter_misc":{"Gesch\u00e4tzte Lesezeit":"2\u00a0Minuten"},"schema":{"@context":"https:\/\/schema.org","@graph":[{"@type":"WebPage","@id":"https:\/\/atmendesyoga.de\/?page_id=1869","url":"https:\/\/atmendesyoga.de\/?page_id=1869","name":"Yogas\u016btra \u2013 Buch - Atmendesyoga","isPartOf":{"@id":"https:\/\/atmendesyoga.de\/#website"},"primaryImageOfPage":{"@id":"https:\/\/atmendesyoga.de\/?page_id=1869#primaryimage"},"image":{"@id":"https:\/\/atmendesyoga.de\/?page_id=1869#primaryimage"},"thumbnailUrl":"https:\/\/atmendesyoga.de\/wp-content\/uploads\/2022\/06\/Coverfoto_Prom_414x600-207x300.jpeg","datePublished":"2022-06-21T10:15:50+00:00","dateModified":"2022-06-29T13:15:43+00:00","breadcrumb":{"@id":"https:\/\/atmendesyoga.de\/?page_id=1869#breadcrumb"},"inLanguage":"de","potentialAction":[{"@type":"ReadAction","target":["https:\/\/atmendesyoga.de\/?page_id=1869"]}]},{"@type":"ImageObject","inLanguage":"de","@id":"https:\/\/atmendesyoga.de\/?page_id=1869#primaryimage","url":"https:\/\/atmendesyoga.de\/wp-content\/uploads\/2022\/06\/Coverfoto_Prom_414x600-207x300.jpeg","contentUrl":"https:\/\/atmendesyoga.de\/wp-content\/uploads\/2022\/06\/Coverfoto_Prom_414x600-207x300.jpeg"},{"@type":"BreadcrumbList","@id":"https:\/\/atmendesyoga.de\/?page_id=1869#breadcrumb","itemListElement":[{"@type":"ListItem","position":1,"name":"Startseite","item":"https:\/\/atmendesyoga.de\/"},{"@type":"ListItem","position":2,"name":"Yogas\u016btra \u2013 Buch"}]},{"@type":"WebSite","@id":"https:\/\/atmendesyoga.de\/#website","url":"https:\/\/atmendesyoga.de\/","name":"Atmendesyoga","description":"","potentialAction":[{"@type":"SearchAction","target":{"@type":"EntryPoint","urlTemplate":"https:\/\/atmendesyoga.de\/?s={search_term_string}"},"query-input":{"@type":"PropertyValueSpecification","valueRequired":true,"valueName":"search_term_string"}}],"inLanguage":"de"}]}},"_links":{"self":[{"href":"https:\/\/atmendesyoga.de\/index.php?rest_route=\/wp\/v2\/pages\/1869","targetHints":{"allow":["GET"]}}],"collection":[{"href":"https:\/\/atmendesyoga.de\/index.php?rest_route=\/wp\/v2\/pages"}],"about":[{"href":"https:\/\/atmendesyoga.de\/index.php?rest_route=\/wp\/v2\/types\/page"}],"author":[{"embeddable":true,"href":"https:\/\/atmendesyoga.de\/index.php?rest_route=\/wp\/v2\/users\/2"}],"replies":[{"embeddable":true,"href":"https:\/\/atmendesyoga.de\/index.php?rest_route=%2Fwp%2Fv2%2Fcomments&post=1869"}],"version-history":[{"count":7,"href":"https:\/\/atmendesyoga.de\/index.php?rest_route=\/wp\/v2\/pages\/1869\/revisions"}],"predecessor-version":[{"id":1902,"href":"https:\/\/atmendesyoga.de\/index.php?rest_route=\/wp\/v2\/pages\/1869\/revisions\/1902"}],"wp:attachment":[{"href":"https:\/\/atmendesyoga.de\/index.php?rest_route=%2Fwp%2Fv2%2Fmedia&parent=1869"}],"curies":[{"name":"wp","href":"https:\/\/api.w.org\/{rel}","templated":true}]}}