{"id":2076,"date":"2023-05-02T16:01:55","date_gmt":"2023-05-02T16:01:55","guid":{"rendered":"https:\/\/atmendesyoga.de\/?page_id=2076"},"modified":"2023-10-20T08:29:24","modified_gmt":"2023-10-20T08:29:24","slug":"yoga-des-zeichnens","status":"publish","type":"page","link":"https:\/\/atmendesyoga.de\/?page_id=2076","title":{"rendered":"Yoga des Zeichnens"},"content":{"rendered":"<div id=\"pl-gb2076-69e49f7e8b3d7\"  class=\"panel-layout\" ><div id=\"pg-gb2076-69e49f7e8b3d7-0\"  class=\"panel-grid panel-has-style\" ><div class=\"panel-row-style panel-row-style-for-gb2076-69e49f7e8b3d7-0\" ><div id=\"pgc-gb2076-69e49f7e8b3d7-0-0\"  class=\"panel-grid-cell panel-grid-cell-empty\" ><\/div><div id=\"pgc-gb2076-69e49f7e8b3d7-0-1\"  class=\"panel-grid-cell panel-grid-cell-empty panel-grid-cell-mobile-last\" ><div class=\"panel-cell-style panel-cell-style-for-gb2076-69e49f7e8b3d7-0-1\" ><\/div><\/div><div id=\"pgc-gb2076-69e49f7e8b3d7-0-2\"  class=\"panel-grid-cell panel-grid-cell-empty\" ><\/div><\/div><\/div><div id=\"pg-gb2076-69e49f7e8b3d7-1\"  class=\"panel-grid panel-has-style\" ><div class=\"panel-row-style panel-row-style-for-gb2076-69e49f7e8b3d7-1\" ><div id=\"pgc-gb2076-69e49f7e8b3d7-1-0\"  class=\"panel-grid-cell panel-grid-cell-empty\" ><\/div><div id=\"pgc-gb2076-69e49f7e8b3d7-1-1\"  class=\"panel-grid-cell panel-grid-cell-empty\" ><div class=\"panel-cell-style panel-cell-style-for-gb2076-69e49f7e8b3d7-1-1\" ><\/div><\/div><div id=\"pgc-gb2076-69e49f7e8b3d7-1-2\"  class=\"panel-grid-cell\" ><div id=\"panel-gb2076-69e49f7e8b3d7-1-2-0\" class=\"so-panel widget widget_block panel-first-child panel-last-child\" data-index=\"0\" >\u201eDer ganze Zauber liegt in dem geborgen, \nwas durch die Bewusstheit eines gegenw\u00e4rtigen \nAugenblicks m\u00f6glich wird.\u201c \n\u2013 Ravi Ravindra<\/div><\/div><\/div><\/div><div id=\"pg-gb2076-69e49f7e8b3d7-2\"  class=\"panel-grid panel-no-style\" ><div id=\"pgc-gb2076-69e49f7e8b3d7-2-0\"  class=\"panel-grid-cell\" ><div id=\"panel-gb2076-69e49f7e8b3d7-2-0-0\" class=\"so-panel widget widget_text panel-first-child panel-last-child\" data-index=\"1\" ><div class=\"panel-widget-style panel-widget-style-for-gb2076-69e49f7e8b3d7-2-0-0\" ><h3 class=\"widget-title\">Zeichnen aus der Stille des Bewusstseins<\/h3>\t\t\t<div class=\"textwidget\"><p align=\"justify\"><span style=\"font-family: Arial, sans-serif;\"><span style=\"font-size: medium;\">Yoga ist die Kunst der Verbundenheit. Der Weg dorthin f\u00fchrt \u00fcber die Stille des Bewusstseins. Das Mittel ist die stetige Ausrichtung und die Verfeinerung unserer Wahrnehmung.<\/span><\/span><\/p>\n<p align=\"justify\"><span style=\"font-family: Arial, sans-serif;\"><span style=\"font-size: medium;\">Zeichnend nehmen wir Verbindung mit unserer Umgebung auf. Zeichnen ist die Kunst des Sehens. Die Linien, die wir auf ein Blatt \u00fcbertragen, sind die Spuren dessen, was wir wirklich beobachtet, was wir wirklich <i>wahr<\/i>-genommen und erkannt haben.<\/span><\/span><\/p>\n<p align=\"justify\"><span style=\"font-family: Arial, sans-serif;\"><span style=\"font-size: medium;\">Bestimmte Mittel des Yoga b\u00fcndeln unsere Aufmerksamkeit, bringen uns in eine Klarheit, vertiefen unsere Wahrnehmungsf\u00e4higkeit. Aus einem Raum der Stille flie\u00dfen Spuren des Sehens auf das Blatt vor uns und entfalten sich zu einer Zeichnung. Dabei entstehen Bilder von individueller Sch\u00f6nheit, die die Intensit\u00e4t unseres Erlebens widerspiegeln. Das Zeichnen selbst wird zum Yoga, zur Kunst der Verbundenheit.<\/span><\/span><\/p>\n<p align=\"justify\"><span style=\"font-family: Arial, sans-serif;\"><span style=\"font-size: medium;\">Mit zentrierenden \u00dcbungen aus dem Yoga, die in die Stille f\u00fchren, bereiten wir unser Gewahrsein auf das ruhige, klare Wahrnehmen vor. Beim Zeichnen verschiedener Objekte fokussieren wir uns auf den Prozess des Hinschauens. Verschiedene Methoden des experimentellen Zeichnens wie Konturenzeichnen, Blindzeichnen, Licht-und-Schatten-Kartografie f\u00fchren uns in die Kunst des Sehens ein. Begleitet durch die Freude am Sehen erfahren wir zeichnend etwas \u00fcber das, was wir anschauen und \u00fcber uns selbst.<\/span><\/span><\/p>\n<p align=\"justify\"><span style=\"font-family: Arial, sans-serif;\"><span style=\"font-size: medium;\">Kursformat und Zeitrahmen nach Absprache.<\/span><\/span><\/p>\n<p>&nbsp;<\/p>\n<p>&nbsp;<\/p>\n<p><span style=\"font-family: Verdana, sans-serif;\"><span style=\"color: #000000;\"><span style=\"font-size: medium;\"><span lang=\"de-DE\"><br \/>\n<\/span><\/span><br \/>\n<strong>Yoga des Zeichnens<\/strong><\/span><\/span><\/p>\n<p><span style=\"font-family: Verdana, sans-serif;\"><span style=\"font-size: medium;\"><span lang=\"de-DE\">W<\/span><span lang=\"de-DE\">eitere Informationen:<br \/>\nOsman Yoncaova<br \/>\natmen(\u00e4t)atmendesyoga.de<br \/>\nt: 0561 430 841 99<\/span><\/span><\/span><\/p>\n<p align=\"left\"><span style=\"font-family: Verdana, sans-serif;\"><span style=\"color: #000000;\">\u00a0<\/span><\/span><\/p>\n<\/div>\n\t\t<\/div><\/div><\/div><\/div><div id=\"pg-gb2076-69e49f7e8b3d7-3\"  class=\"panel-grid panel-no-style\" ><div id=\"pgc-gb2076-69e49f7e8b3d7-3-0\"  class=\"panel-grid-cell\" ><div id=\"panel-gb2076-69e49f7e8b3d7-3-0-0\" class=\"so-panel widget widget_text panel-first-child panel-last-child\" data-index=\"2\" ><div class=\"panel-widget-style panel-widget-style-for-gb2076-69e49f7e8b3d7-3-0-0\" >\t\t\t<div class=\"textwidget\"><p align=\"right\"><span style=\"font-family: Verdana, sans-serif;\"><span style=\"font-size: xx-small;\">Foto: Paco Yoncaova<\/span><\/span><\/p>\n<\/div>\n\t\t<\/div><\/div><\/div><\/div><div id=\"pg-gb2076-69e49f7e8b3d7-4\"  class=\"panel-grid panel-no-style\" ><div id=\"pgc-gb2076-69e49f7e8b3d7-4-0\"  class=\"panel-grid-cell panel-grid-cell-empty\" ><\/div><div id=\"pgc-gb2076-69e49f7e8b3d7-4-1\"  class=\"panel-grid-cell panel-grid-cell-mobile-last\" ><div id=\"panel-gb2076-69e49f7e8b3d7-4-1-0\" class=\"so-panel widget widget_media_image panel-first-child panel-last-child\" data-index=\"3\" ><div class=\"kleine-sonne panel-widget-style panel-widget-style-for-gb2076-69e49f7e8b3d7-4-1-0\" ><img loading=\"lazy\" decoding=\"async\" width=\"50\" height=\"51\" src=\"https:\/\/atmendesyoga.de\/wp-content\/uploads\/2019\/11\/sonne_50x50.jpg\" class=\"image wp-image-66  attachment-full size-full\" alt=\"\" style=\"max-width: 100%; height: auto;\" \/><\/div><\/div><\/div><div id=\"pgc-gb2076-69e49f7e8b3d7-4-2\"  class=\"panel-grid-cell panel-grid-cell-empty\" ><\/div><\/div><\/div>","protected":false},"excerpt":{"rendered":"","protected":false},"author":2,"featured_media":0,"parent":21,"menu_order":0,"comment_status":"closed","ping_status":"closed","template":"","meta":{"footnotes":""},"class_list":["post-2076","page","type-page","status-publish","hentry"],"yoast_head":"<!-- This site is optimized with the Yoast SEO plugin v27.4 - https:\/\/yoast.com\/product\/yoast-seo-wordpress\/ -->\n<title>Yoga des Zeichnens - Atmendesyoga<\/title>\n<meta name=\"robots\" content=\"index, follow, max-snippet:-1, max-image-preview:large, max-video-preview:-1\" \/>\n<link rel=\"canonical\" href=\"https:\/\/atmendesyoga.de\/?page_id=2076\" \/>\n<meta property=\"og:locale\" content=\"de_DE\" \/>\n<meta property=\"og:type\" content=\"article\" \/>\n<meta property=\"og:title\" content=\"Yoga des Zeichnens - Atmendesyoga\" \/>\n<meta property=\"og:url\" content=\"https:\/\/atmendesyoga.de\/?page_id=2076\" \/>\n<meta property=\"og:site_name\" content=\"Atmendesyoga\" \/>\n<meta property=\"article:modified_time\" content=\"2023-10-20T08:29:24+00:00\" \/>\n<meta property=\"og:image\" content=\"https:\/\/atmendesyoga.de\/wp-content\/uploads\/2019\/11\/sonne_50x50.jpg\" \/>\n<meta name=\"twitter:card\" content=\"summary_large_image\" \/>\n<meta name=\"twitter:label1\" content=\"Gesch\u00e4tzte Lesezeit\" \/>\n\t<meta name=\"twitter:data1\" content=\"2\u00a0Minuten\" \/>\n<script type=\"application\/ld+json\" class=\"yoast-schema-graph\">{\"@context\":\"https:\\\/\\\/schema.org\",\"@graph\":[{\"@type\":\"WebPage\",\"@id\":\"https:\\\/\\\/atmendesyoga.de\\\/?page_id=2076\",\"url\":\"https:\\\/\\\/atmendesyoga.de\\\/?page_id=2076\",\"name\":\"Yoga des Zeichnens - Atmendesyoga\",\"isPartOf\":{\"@id\":\"https:\\\/\\\/atmendesyoga.de\\\/#website\"},\"primaryImageOfPage\":{\"@id\":\"https:\\\/\\\/atmendesyoga.de\\\/?page_id=2076#primaryimage\"},\"image\":{\"@id\":\"https:\\\/\\\/atmendesyoga.de\\\/?page_id=2076#primaryimage\"},\"thumbnailUrl\":\"https:\\\/\\\/atmendesyoga.de\\\/wp-content\\\/uploads\\\/2019\\\/11\\\/sonne_50x50.jpg\",\"datePublished\":\"2023-05-02T16:01:55+00:00\",\"dateModified\":\"2023-10-20T08:29:24+00:00\",\"breadcrumb\":{\"@id\":\"https:\\\/\\\/atmendesyoga.de\\\/?page_id=2076#breadcrumb\"},\"inLanguage\":\"de\",\"potentialAction\":[{\"@type\":\"ReadAction\",\"target\":[\"https:\\\/\\\/atmendesyoga.de\\\/?page_id=2076\"]}]},{\"@type\":\"ImageObject\",\"inLanguage\":\"de\",\"@id\":\"https:\\\/\\\/atmendesyoga.de\\\/?page_id=2076#primaryimage\",\"url\":\"https:\\\/\\\/atmendesyoga.de\\\/wp-content\\\/uploads\\\/2019\\\/11\\\/sonne_50x50.jpg\",\"contentUrl\":\"https:\\\/\\\/atmendesyoga.de\\\/wp-content\\\/uploads\\\/2019\\\/11\\\/sonne_50x50.jpg\",\"width\":50,\"height\":51},{\"@type\":\"BreadcrumbList\",\"@id\":\"https:\\\/\\\/atmendesyoga.de\\\/?page_id=2076#breadcrumb\",\"itemListElement\":[{\"@type\":\"ListItem\",\"position\":1,\"name\":\"Startseite\",\"item\":\"https:\\\/\\\/atmendesyoga.de\\\/\"},{\"@type\":\"ListItem\",\"position\":2,\"name\":\"Kursprogramm\",\"item\":\"https:\\\/\\\/atmendesyoga.de\\\/?page_id=21\"},{\"@type\":\"ListItem\",\"position\":3,\"name\":\"Yoga des Zeichnens\"}]},{\"@type\":\"WebSite\",\"@id\":\"https:\\\/\\\/atmendesyoga.de\\\/#website\",\"url\":\"https:\\\/\\\/atmendesyoga.de\\\/\",\"name\":\"Atmendesyoga\",\"description\":\"\",\"potentialAction\":[{\"@type\":\"SearchAction\",\"target\":{\"@type\":\"EntryPoint\",\"urlTemplate\":\"https:\\\/\\\/atmendesyoga.de\\\/?s={search_term_string}\"},\"query-input\":{\"@type\":\"PropertyValueSpecification\",\"valueRequired\":true,\"valueName\":\"search_term_string\"}}],\"inLanguage\":\"de\"}]}<\/script>\n<!-- \/ Yoast SEO plugin. -->","yoast_head_json":{"title":"Yoga des Zeichnens - Atmendesyoga","robots":{"index":"index","follow":"follow","max-snippet":"max-snippet:-1","max-image-preview":"max-image-preview:large","max-video-preview":"max-video-preview:-1"},"canonical":"https:\/\/atmendesyoga.de\/?page_id=2076","og_locale":"de_DE","og_type":"article","og_title":"Yoga des Zeichnens - Atmendesyoga","og_url":"https:\/\/atmendesyoga.de\/?page_id=2076","og_site_name":"Atmendesyoga","article_modified_time":"2023-10-20T08:29:24+00:00","og_image":[{"url":"https:\/\/atmendesyoga.de\/wp-content\/uploads\/2019\/11\/sonne_50x50.jpg","type":"","width":"","height":""}],"twitter_card":"summary_large_image","twitter_misc":{"Gesch\u00e4tzte Lesezeit":"2\u00a0Minuten"},"schema":{"@context":"https:\/\/schema.org","@graph":[{"@type":"WebPage","@id":"https:\/\/atmendesyoga.de\/?page_id=2076","url":"https:\/\/atmendesyoga.de\/?page_id=2076","name":"Yoga des Zeichnens - Atmendesyoga","isPartOf":{"@id":"https:\/\/atmendesyoga.de\/#website"},"primaryImageOfPage":{"@id":"https:\/\/atmendesyoga.de\/?page_id=2076#primaryimage"},"image":{"@id":"https:\/\/atmendesyoga.de\/?page_id=2076#primaryimage"},"thumbnailUrl":"https:\/\/atmendesyoga.de\/wp-content\/uploads\/2019\/11\/sonne_50x50.jpg","datePublished":"2023-05-02T16:01:55+00:00","dateModified":"2023-10-20T08:29:24+00:00","breadcrumb":{"@id":"https:\/\/atmendesyoga.de\/?page_id=2076#breadcrumb"},"inLanguage":"de","potentialAction":[{"@type":"ReadAction","target":["https:\/\/atmendesyoga.de\/?page_id=2076"]}]},{"@type":"ImageObject","inLanguage":"de","@id":"https:\/\/atmendesyoga.de\/?page_id=2076#primaryimage","url":"https:\/\/atmendesyoga.de\/wp-content\/uploads\/2019\/11\/sonne_50x50.jpg","contentUrl":"https:\/\/atmendesyoga.de\/wp-content\/uploads\/2019\/11\/sonne_50x50.jpg","width":50,"height":51},{"@type":"BreadcrumbList","@id":"https:\/\/atmendesyoga.de\/?page_id=2076#breadcrumb","itemListElement":[{"@type":"ListItem","position":1,"name":"Startseite","item":"https:\/\/atmendesyoga.de\/"},{"@type":"ListItem","position":2,"name":"Kursprogramm","item":"https:\/\/atmendesyoga.de\/?page_id=21"},{"@type":"ListItem","position":3,"name":"Yoga des Zeichnens"}]},{"@type":"WebSite","@id":"https:\/\/atmendesyoga.de\/#website","url":"https:\/\/atmendesyoga.de\/","name":"Atmendesyoga","description":"","potentialAction":[{"@type":"SearchAction","target":{"@type":"EntryPoint","urlTemplate":"https:\/\/atmendesyoga.de\/?s={search_term_string}"},"query-input":{"@type":"PropertyValueSpecification","valueRequired":true,"valueName":"search_term_string"}}],"inLanguage":"de"}]}},"_links":{"self":[{"href":"https:\/\/atmendesyoga.de\/index.php?rest_route=\/wp\/v2\/pages\/2076","targetHints":{"allow":["GET"]}}],"collection":[{"href":"https:\/\/atmendesyoga.de\/index.php?rest_route=\/wp\/v2\/pages"}],"about":[{"href":"https:\/\/atmendesyoga.de\/index.php?rest_route=\/wp\/v2\/types\/page"}],"author":[{"embeddable":true,"href":"https:\/\/atmendesyoga.de\/index.php?rest_route=\/wp\/v2\/users\/2"}],"replies":[{"embeddable":true,"href":"https:\/\/atmendesyoga.de\/index.php?rest_route=%2Fwp%2Fv2%2Fcomments&post=2076"}],"version-history":[{"count":16,"href":"https:\/\/atmendesyoga.de\/index.php?rest_route=\/wp\/v2\/pages\/2076\/revisions"}],"predecessor-version":[{"id":2179,"href":"https:\/\/atmendesyoga.de\/index.php?rest_route=\/wp\/v2\/pages\/2076\/revisions\/2179"}],"up":[{"embeddable":true,"href":"https:\/\/atmendesyoga.de\/index.php?rest_route=\/wp\/v2\/pages\/21"}],"wp:attachment":[{"href":"https:\/\/atmendesyoga.de\/index.php?rest_route=%2Fwp%2Fv2%2Fmedia&parent=2076"}],"curies":[{"name":"wp","href":"https:\/\/api.w.org\/{rel}","templated":true}]}}