{"id":2237,"date":"2024-08-14T10:54:41","date_gmt":"2024-08-14T10:54:41","guid":{"rendered":"https:\/\/atmendesyoga.de\/?page_id=2237"},"modified":"2024-12-23T11:15:01","modified_gmt":"2024-12-23T11:15:01","slug":"bildungsurlaub","status":"publish","type":"page","link":"https:\/\/atmendesyoga.de\/?page_id=2237","title":{"rendered":"Bildungsurlaub"},"content":{"rendered":"<div id=\"pl-gb2237-69eb10b6a4052\"  class=\"panel-layout wp-block-siteorigin-panels-layout-block\" ><div id=\"pg-gb2237-69eb10b6a4052-0\"  class=\"panel-grid panel-has-style\" ><div class=\"panel-row-style panel-row-style-for-gb2237-69eb10b6a4052-0\" ><div id=\"pgc-gb2237-69eb10b6a4052-0-0\"  class=\"panel-grid-cell panel-grid-cell-empty\" ><\/div><div id=\"pgc-gb2237-69eb10b6a4052-0-1\"  class=\"panel-grid-cell panel-grid-cell-empty panel-grid-cell-mobile-last\" ><div class=\"panel-cell-style panel-cell-style-for-gb2237-69eb10b6a4052-0-1\" ><\/div><\/div><div id=\"pgc-gb2237-69eb10b6a4052-0-2\"  class=\"panel-grid-cell panel-grid-cell-empty\" ><\/div><\/div><\/div><div id=\"pg-gb2237-69eb10b6a4052-1\"  class=\"panel-grid panel-no-style\" ><div id=\"pgc-gb2237-69eb10b6a4052-1-0\"  class=\"panel-grid-cell\" ><div id=\"panel-gb2237-69eb10b6a4052-1-0-0\" class=\"so-panel widget widget_text panel-first-child\" data-index=\"0\" ><div class=\"panel-widget-style panel-widget-style-for-gb2237-69eb10b6a4052-1-0-0\" ><h3 class=\"widget-title\">Yoga ist die Kunst der Verbundenheit<\/h3>\t\t\t<div class=\"textwidget\"><p><span style=\"font-family: Verdana, sans-serif;\"><span style=\"font-size: large;\"><b>Nachhaltig leben und arbeiten mit Atem, Meditation und Pr\u00e4senz<br \/>\n<\/b><\/span><\/span><\/p>\n<p align=\"justify\"><span style=\"font-family: Verdana, sans-serif;\"><span style=\"font-size: medium;\">Die F\u00e4higkeit zur Verbundenheit mit sich selbst und den anderen bildet die Basis f\u00fcr alle zukunfts\u00e4higen Gestaltungsprozesse. Pr\u00e4senz, emotionale Kompetenz, Selbstreflexion und transparente Kommunikation sind Kernf\u00e4higkeiten, die co-kreative Arbeits- und Entscheidungsprozesse positiv unterst\u00fctzen.<br \/>\n<\/span><\/span><\/p>\n<p align=\"justify\"><span style=\"font-family: Verdana, sans-serif;\"><span style=\"font-size: medium;\">Atem und Meditation sind von alters her wichtige Bausteine traditioneller Weisheitslehren, die Wege zu einem nachhaltigen Leben in Verbundenheit aufzeigen. Wir gewinnen daraus wichtige Impulse f\u00fcr ein einf\u00fchlsames und verantwortungsvolles Handeln, das in Einklang steht mit der Natur und unserem sozialen Umfeld.<br \/>\n<\/span><\/span><\/p>\n<p align=\"justify\"><span style=\"font-family: Verdana, sans-serif;\"><span style=\"font-size: medium;\">Erfahrungsbasierte, interaktive Methoden einerseits, sowie Atem und Meditation setzen das Thema der \u201eUN-Ziele f\u00fcr nachhaltige Entwicklung (SDG)\u201c und die Inneren Entwicklungsziele (IDG) in den Kontext des pers\u00f6nlichen Erlebens und unterst\u00fctzen die \u00dcbertragung der Erkenntnisse in den Alltag. Die Dom\u00e4ne Frankenhausen bildet einen idealen Ort, das Thema zu erforschen.<br \/>\n<\/span><\/span><\/p>\n<p align=\"justify\"><span style=\"font-family: Verdana, sans-serif;\"><span style=\"font-size: medium;\">Dies ist ein Angebot im Rahmen des Programms der vhs Region Kassel. Weitere Infos sind dem vhs Programm zu entnehmen.<br \/>\nDie \u00dcbernachtung vor Ort ist Bestandteil des Seminars, obliegt jedoch nicht der Zust\u00e4ndigkeit der vhs Region Kassel. Sie erfolgt unter eigene Verantwortung und Organisation.<br \/>\n<\/span><\/span><\/p>\n<p><span style=\"font-family: Verdana, sans-serif;\"><span style=\"font-size: medium;\"><b>Seminarleitung:<\/b><\/span><\/span><br \/>\n<span style=\"font-family: Verdana, sans-serif;\"><span style=\"font-size: medium;\">Osman Yoncaova, BDY\/EYU<\/span><\/span><br \/>\n<span style=\"font-family: Verdana, sans-serif;\"><span style=\"font-size: medium;\"><b>Ort:<\/b><\/span><\/span><br \/>\n<span style=\"font-family: Verdana, sans-serif;\"><span style=\"font-size: medium;\">Staatsdom\u00e4ne Frankenhausen, 34393 Grebenstein<\/span><\/span><br \/>\n<span style=\"font-family: Verdana, sans-serif;\"><span style=\"font-size: medium;\"><b>Zeit:<\/b><\/span><\/span><br \/>\n<span style=\"font-family: Verdana, sans-serif;\"><span style=\"font-size: medium;\">7.5 \u2013 9.5 2025<\/span><\/span><\/p>\n<p><a href=\"https:\/\/vhs-region-kassel.de\/start\/kurssuche\/kurs\/Nachhaltig-leben-und-arbeiten-mit-Atem-Meditation-und-Praesenz\/251-17004\"><span style=\"font-family: Verdana, sans-serif;\"><span style=\"font-size: medium;\"><u><b>Anmeldung und weitere Informationen \u00fcber die vhs Region Kassel<\/b><\/u><\/span><\/span><\/a><\/p>\n<\/div>\n\t\t<\/div><\/div><div id=\"panel-gb2237-69eb10b6a4052-1-0-1\" class=\"so-panel widget widget_text panel-last-child\" data-index=\"1\" ><div class=\"panel-widget-style panel-widget-style-for-gb2237-69eb10b6a4052-1-0-1\" >\t\t\t<div class=\"textwidget\"><p><span style=\"font-family: Verdana, sans-serif;\"><span style=\"font-size: xx-small;\">Foto: Osman Yoncaova<\/span><\/span><\/p>\n<\/div>\n\t\t<\/div><\/div><\/div><\/div><div id=\"pg-gb2237-69eb10b6a4052-2\"  class=\"panel-grid panel-no-style\" ><div id=\"pgc-gb2237-69eb10b6a4052-2-0\"  class=\"panel-grid-cell panel-grid-cell-empty\" ><\/div><div id=\"pgc-gb2237-69eb10b6a4052-2-1\"  class=\"panel-grid-cell panel-grid-cell-mobile-last\" ><div id=\"panel-gb2237-69eb10b6a4052-2-1-0\" class=\"so-panel widget widget_media_image panel-first-child panel-last-child\" data-index=\"2\" ><div class=\"kleine-sonne panel-widget-style panel-widget-style-for-gb2237-69eb10b6a4052-2-1-0\" ><img loading=\"lazy\" decoding=\"async\" width=\"50\" height=\"51\" src=\"https:\/\/atmendesyoga.de\/wp-content\/uploads\/2019\/11\/sonne_50x50.jpg\" class=\"image wp-image-66  attachment-full size-full\" alt=\"\" style=\"max-width: 100%; height: auto;\" \/><\/div><\/div><\/div><div id=\"pgc-gb2237-69eb10b6a4052-2-2\"  class=\"panel-grid-cell panel-grid-cell-empty\" ><\/div><\/div><\/div>","protected":false},"excerpt":{"rendered":"<p>Nachhaltig leben und arbeiten mit Atem, Meditation und Pr\u00e4senz Die F\u00e4higkeit zur Verbundenheit mit sich selbst und den anderen bildet die Basis f\u00fcr alle zukunfts\u00e4higen Gestaltungsprozesse. Pr\u00e4senz, emotionale Kompetenz, Selbstreflexion und transparente Kommunikation sind Kernf\u00e4higkeiten, die co-kreative Arbeits- und Entscheidungsprozesse<\/p>\n","protected":false},"author":2,"featured_media":0,"parent":21,"menu_order":0,"comment_status":"closed","ping_status":"closed","template":"","meta":{"footnotes":""},"class_list":["post-2237","page","type-page","status-publish","hentry"],"yoast_head":"<!-- This site is optimized with the Yoast SEO plugin v27.4 - https:\/\/yoast.com\/product\/yoast-seo-wordpress\/ -->\n<title>Bildungsurlaub - Atmendesyoga<\/title>\n<meta name=\"robots\" content=\"index, follow, max-snippet:-1, max-image-preview:large, max-video-preview:-1\" \/>\n<link rel=\"canonical\" href=\"https:\/\/atmendesyoga.de\/?page_id=2237\" \/>\n<meta property=\"og:locale\" content=\"de_DE\" \/>\n<meta property=\"og:type\" content=\"article\" \/>\n<meta property=\"og:title\" content=\"Bildungsurlaub - Atmendesyoga\" \/>\n<meta property=\"og:description\" content=\"Nachhaltig leben und arbeiten mit Atem, Meditation und Pr\u00e4senz Die F\u00e4higkeit zur Verbundenheit mit sich selbst und den anderen bildet die Basis f\u00fcr alle zukunfts\u00e4higen Gestaltungsprozesse. Pr\u00e4senz, emotionale Kompetenz, Selbstreflexion und transparente Kommunikation sind Kernf\u00e4higkeiten, die co-kreative Arbeits- und Entscheidungsprozesse\" \/>\n<meta property=\"og:url\" content=\"https:\/\/atmendesyoga.de\/?page_id=2237\" \/>\n<meta property=\"og:site_name\" content=\"Atmendesyoga\" \/>\n<meta property=\"article:modified_time\" content=\"2024-12-23T11:15:01+00:00\" \/>\n<meta name=\"twitter:card\" content=\"summary_large_image\" \/>\n<meta name=\"twitter:label1\" content=\"Gesch\u00e4tzte Lesezeit\" \/>\n\t<meta name=\"twitter:data1\" content=\"2\u00a0Minuten\" \/>\n<script type=\"application\/ld+json\" class=\"yoast-schema-graph\">{\"@context\":\"https:\\\/\\\/schema.org\",\"@graph\":[{\"@type\":\"WebPage\",\"@id\":\"https:\\\/\\\/atmendesyoga.de\\\/?page_id=2237\",\"url\":\"https:\\\/\\\/atmendesyoga.de\\\/?page_id=2237\",\"name\":\"Bildungsurlaub - Atmendesyoga\",\"isPartOf\":{\"@id\":\"https:\\\/\\\/atmendesyoga.de\\\/#website\"},\"datePublished\":\"2024-08-14T10:54:41+00:00\",\"dateModified\":\"2024-12-23T11:15:01+00:00\",\"breadcrumb\":{\"@id\":\"https:\\\/\\\/atmendesyoga.de\\\/?page_id=2237#breadcrumb\"},\"inLanguage\":\"de\",\"potentialAction\":[{\"@type\":\"ReadAction\",\"target\":[\"https:\\\/\\\/atmendesyoga.de\\\/?page_id=2237\"]}]},{\"@type\":\"BreadcrumbList\",\"@id\":\"https:\\\/\\\/atmendesyoga.de\\\/?page_id=2237#breadcrumb\",\"itemListElement\":[{\"@type\":\"ListItem\",\"position\":1,\"name\":\"Startseite\",\"item\":\"https:\\\/\\\/atmendesyoga.de\\\/\"},{\"@type\":\"ListItem\",\"position\":2,\"name\":\"Kursprogramm\",\"item\":\"https:\\\/\\\/atmendesyoga.de\\\/?page_id=21\"},{\"@type\":\"ListItem\",\"position\":3,\"name\":\"Bildungsurlaub\"}]},{\"@type\":\"WebSite\",\"@id\":\"https:\\\/\\\/atmendesyoga.de\\\/#website\",\"url\":\"https:\\\/\\\/atmendesyoga.de\\\/\",\"name\":\"Atmendesyoga\",\"description\":\"\",\"potentialAction\":[{\"@type\":\"SearchAction\",\"target\":{\"@type\":\"EntryPoint\",\"urlTemplate\":\"https:\\\/\\\/atmendesyoga.de\\\/?s={search_term_string}\"},\"query-input\":{\"@type\":\"PropertyValueSpecification\",\"valueRequired\":true,\"valueName\":\"search_term_string\"}}],\"inLanguage\":\"de\"}]}<\/script>\n<!-- \/ Yoast SEO plugin. -->","yoast_head_json":{"title":"Bildungsurlaub - Atmendesyoga","robots":{"index":"index","follow":"follow","max-snippet":"max-snippet:-1","max-image-preview":"max-image-preview:large","max-video-preview":"max-video-preview:-1"},"canonical":"https:\/\/atmendesyoga.de\/?page_id=2237","og_locale":"de_DE","og_type":"article","og_title":"Bildungsurlaub - Atmendesyoga","og_description":"Nachhaltig leben und arbeiten mit Atem, Meditation und Pr\u00e4senz Die F\u00e4higkeit zur Verbundenheit mit sich selbst und den anderen bildet die Basis f\u00fcr alle zukunfts\u00e4higen Gestaltungsprozesse. Pr\u00e4senz, emotionale Kompetenz, Selbstreflexion und transparente Kommunikation sind Kernf\u00e4higkeiten, die co-kreative Arbeits- und Entscheidungsprozesse","og_url":"https:\/\/atmendesyoga.de\/?page_id=2237","og_site_name":"Atmendesyoga","article_modified_time":"2024-12-23T11:15:01+00:00","twitter_card":"summary_large_image","twitter_misc":{"Gesch\u00e4tzte Lesezeit":"2\u00a0Minuten"},"schema":{"@context":"https:\/\/schema.org","@graph":[{"@type":"WebPage","@id":"https:\/\/atmendesyoga.de\/?page_id=2237","url":"https:\/\/atmendesyoga.de\/?page_id=2237","name":"Bildungsurlaub - Atmendesyoga","isPartOf":{"@id":"https:\/\/atmendesyoga.de\/#website"},"datePublished":"2024-08-14T10:54:41+00:00","dateModified":"2024-12-23T11:15:01+00:00","breadcrumb":{"@id":"https:\/\/atmendesyoga.de\/?page_id=2237#breadcrumb"},"inLanguage":"de","potentialAction":[{"@type":"ReadAction","target":["https:\/\/atmendesyoga.de\/?page_id=2237"]}]},{"@type":"BreadcrumbList","@id":"https:\/\/atmendesyoga.de\/?page_id=2237#breadcrumb","itemListElement":[{"@type":"ListItem","position":1,"name":"Startseite","item":"https:\/\/atmendesyoga.de\/"},{"@type":"ListItem","position":2,"name":"Kursprogramm","item":"https:\/\/atmendesyoga.de\/?page_id=21"},{"@type":"ListItem","position":3,"name":"Bildungsurlaub"}]},{"@type":"WebSite","@id":"https:\/\/atmendesyoga.de\/#website","url":"https:\/\/atmendesyoga.de\/","name":"Atmendesyoga","description":"","potentialAction":[{"@type":"SearchAction","target":{"@type":"EntryPoint","urlTemplate":"https:\/\/atmendesyoga.de\/?s={search_term_string}"},"query-input":{"@type":"PropertyValueSpecification","valueRequired":true,"valueName":"search_term_string"}}],"inLanguage":"de"}]}},"_links":{"self":[{"href":"https:\/\/atmendesyoga.de\/index.php?rest_route=\/wp\/v2\/pages\/2237","targetHints":{"allow":["GET"]}}],"collection":[{"href":"https:\/\/atmendesyoga.de\/index.php?rest_route=\/wp\/v2\/pages"}],"about":[{"href":"https:\/\/atmendesyoga.de\/index.php?rest_route=\/wp\/v2\/types\/page"}],"author":[{"embeddable":true,"href":"https:\/\/atmendesyoga.de\/index.php?rest_route=\/wp\/v2\/users\/2"}],"replies":[{"embeddable":true,"href":"https:\/\/atmendesyoga.de\/index.php?rest_route=%2Fwp%2Fv2%2Fcomments&post=2237"}],"version-history":[{"count":2,"href":"https:\/\/atmendesyoga.de\/index.php?rest_route=\/wp\/v2\/pages\/2237\/revisions"}],"predecessor-version":[{"id":2291,"href":"https:\/\/atmendesyoga.de\/index.php?rest_route=\/wp\/v2\/pages\/2237\/revisions\/2291"}],"up":[{"embeddable":true,"href":"https:\/\/atmendesyoga.de\/index.php?rest_route=\/wp\/v2\/pages\/21"}],"wp:attachment":[{"href":"https:\/\/atmendesyoga.de\/index.php?rest_route=%2Fwp%2Fv2%2Fmedia&parent=2237"}],"curies":[{"name":"wp","href":"https:\/\/api.w.org\/{rel}","templated":true}]}}